{"id":79,"date":"2020-05-30T03:47:46","date_gmt":"2020-05-30T03:47:46","guid":{"rendered":"http:\/\/itinc.themesion.com\/demo1\/?page_id=12661"},"modified":"2024-02-01T08:08:17","modified_gmt":"2024-02-01T08:08:17","slug":"about-us","status":"publish","type":"page","link":"https:\/\/www.eseraydogdu.com\/int\/about-us\/","title":{"rendered":"About Us"},"content":{"rendered":"\t\t<div data-elementor-type=\"wp-page\" data-elementor-id=\"79\" class=\"elementor elementor-79\">\n\t\t\t\t\t\t\t\t\t<section class=\"elementor-section elementor-top-section elementor-element elementor-element-240ad6d thsn-col-stretched-left thsn-left-col-stretched-content-yes elementor-section-content-bottom thsn-bg-color-over-image elementor-section-boxed elementor-section-height-default elementor-section-height-default\" data-id=\"240ad6d\" data-element_type=\"section\">\n\t\t\t\t\t\t<div class=\"elementor-container elementor-column-gap-no\">\n\t\t\t\t\t<div class=\"elementor-column elementor-col-50 elementor-top-column elementor-element elementor-element-04ac32f thsn-bg-color-over-image\" data-id=\"04ac32f\" data-element_type=\"column\" data-settings=\"{&quot;background_background&quot;:&quot;classic&quot;}\">\n\t\t\t<div class=\"elementor-widget-wrap elementor-element-populated\">\n\t\t\t\t\t\t\t\t<div class=\"elementor-element elementor-element-6467be8 animated-slow elementor-invisible elementor-widget elementor-widget-image\" data-id=\"6467be8\" data-element_type=\"widget\" data-settings=\"{&quot;_animation&quot;:&quot;slideInLeft&quot;}\" data-widget_type=\"image.default\">\n\t\t\t\t<div class=\"elementor-widget-container\">\n\t\t\t\t\t\t\t\t\t\t\t\t\t\t\t<img fetchpriority=\"high\" decoding=\"async\" width=\"2114\" height=\"2560\" src=\"https:\/\/www.eseraydogdu.com\/int\/wp-content\/uploads\/2024\/01\/dr-eser-aydogdu-resim-scaled-1.jpg\" class=\"attachment-full size-full wp-image-179\" alt=\"\" srcset=\"https:\/\/www.eseraydogdu.com\/int\/wp-content\/uploads\/2024\/01\/dr-eser-aydogdu-resim-scaled-1.jpg 2114w, https:\/\/www.eseraydogdu.com\/int\/wp-content\/uploads\/2024\/01\/dr-eser-aydogdu-resim-scaled-1-248x300.jpg 248w, https:\/\/www.eseraydogdu.com\/int\/wp-content\/uploads\/2024\/01\/dr-eser-aydogdu-resim-scaled-1-846x1024.jpg 846w, https:\/\/www.eseraydogdu.com\/int\/wp-content\/uploads\/2024\/01\/dr-eser-aydogdu-resim-scaled-1-768x930.jpg 768w, https:\/\/www.eseraydogdu.com\/int\/wp-content\/uploads\/2024\/01\/dr-eser-aydogdu-resim-scaled-1-1268x1536.jpg 1268w, https:\/\/www.eseraydogdu.com\/int\/wp-content\/uploads\/2024\/01\/dr-eser-aydogdu-resim-scaled-1-1691x2048.jpg 1691w, https:\/\/www.eseraydogdu.com\/int\/wp-content\/uploads\/2024\/01\/dr-eser-aydogdu-resim-scaled-1-770x932.jpg 770w\" sizes=\"(max-width: 2114px) 100vw, 2114px\" \/>\t\t\t\t\t\t\t\t\t\t\t\t\t\t\t<\/div>\n\t\t\t\t<\/div>\n\t\t\t\t\t<\/div>\n\t\t<\/div>\n\t\t\t\t<div class=\"elementor-column elementor-col-50 elementor-top-column elementor-element elementor-element-81c087c animated-slow thsn-bg-color-over-image elementor-invisible\" data-id=\"81c087c\" data-element_type=\"column\" data-settings=\"{&quot;animation&quot;:&quot;slideInRight&quot;}\">\n\t\t\t<div class=\"elementor-widget-wrap elementor-element-populated\">\n\t\t\t\t\t\t\t\t<div class=\"elementor-element elementor-element-d6d3446 thsn-align-left elementor-widget elementor-widget-thsn_heading\" data-id=\"d6d3446\" data-element_type=\"widget\" data-widget_type=\"thsn_heading.default\">\n\t\t\t\t<div class=\"elementor-widget-container\">\n\t\t\t\t<div class=\"thsn-heading-subheading left-align thsn-reverse-heading-yes\"><h4 class=\"thsn-element-subtitle\">\r\n\t\t\t\r\n\t\t\t\tM.D. Eser Aydogdu\r\n\t\t\t\r\n\t\t\t<\/h4>\r\n\t\t<h2 class=\"thsn-element-title\">\r\n\t\t\t\r\n\t\t\t\tWho is M.D. Eser Aydogdu?\r\n\t\t\t\r\n\t\t\t<\/h2>\r\n\t\t<\/div>\t\t<\/div>\n\t\t\t\t<\/div>\n\t\t\t\t<div class=\"elementor-element elementor-element-055bf2a elementor-widget elementor-widget-text-editor\" data-id=\"055bf2a\" data-element_type=\"widget\" data-widget_type=\"text-editor.default\">\n\t\t\t\t<div class=\"elementor-widget-container\">\n\t\t\t\t\t\t\t<p><strong>\u201cLife isn\u2019t about finding yourself, it\u2019s about creating yourself!\u201d<\/strong><\/p>\t\t\t\t\t\t<\/div>\n\t\t\t\t<\/div>\n\t\t\t\t<div class=\"elementor-section elementor-inner-section elementor-element elementor-element-3eb2e36 thsn-col-stretched-none thsn-bg-color-over-image elementor-section-boxed elementor-section-height-default elementor-section-height-default\" data-id=\"3eb2e36\" data-element_type=\"section\">\n\t\t\t\t\t\t<div class=\"elementor-container elementor-column-gap-no\">\n\t\t\t\t\t<div class=\"elementor-column elementor-col-100 elementor-inner-column elementor-element elementor-element-4242889 thsn-bg-color-over-image\" data-id=\"4242889\" data-element_type=\"column\">\n\t\t\t<div class=\"elementor-widget-wrap elementor-element-populated\">\n\t\t\t\t\t\t\t\t<div class=\"elementor-element elementor-element-65c42a5 elementor-widget elementor-widget-thsn_icon_heading\" data-id=\"65c42a5\" data-element_type=\"widget\" data-widget_type=\"thsn_icon_heading.default\">\n\t\t\t\t<div class=\"elementor-widget-container\">\n\t\t\t<div class=\"thsn-ihbox thsn-ihbox-style-3\"><div class=\"d-flex\">\r\n\t<div class=\"thsn-ihbox-icon\"><div class=\"thsn-ihbox-icon-wrapper\"><div class=\"thsn-icon-wrapper thsn-icon-type-icon\"><i class=\"thsn-doctery-icon thsn-doctery-icon-medal\"><\/i><\/div><\/div><\/div>\t<div class=\"thsn-ihbox-contents\">\r\n\t\t<h2 class=\"thsn-element-title\">\r\n\t\t\t\t\t\r\n\t\t\t\t\t\tEser Aydogdu Clinic\r\n\t\t\t\t\t\r\n\t\t\t\t\t<\/h2>\r\n\t\t\t\t\t\t\t\t<div class=\"thsn-heading-desc\">\u0130nternational Health Tourism Authorization Certificate<\/div>\t\t\t<\/div><!-- .thsn-ihbox-contents -->\r\n<\/div><\/div>\t\t<\/div>\n\t\t\t\t<\/div>\n\t\t\t\t\t<\/div>\n\t\t<\/div>\n\t\t\t\t\t\t\t<\/div>\n\t\t<\/div>\n\t\t\t\t<div class=\"elementor-element elementor-element-a447c55 elementor-widget elementor-widget-text-editor\" data-id=\"a447c55\" data-element_type=\"widget\" data-widget_type=\"text-editor.default\">\n\t\t\t\t<div class=\"elementor-widget-container\">\n\t\t\t\t\t\t\t<p><strong>Born in Turkey\u2019s Samsun Province, Dr. Eser Aydo\u011fdu<\/strong>\u00a0is known to be one of the select female plastic surgeons not only in Turkey,\u00a0<\/p>\t\t\t\t\t\t<\/div>\n\t\t\t\t<\/div>\n\t\t\t\t<div class=\"elementor-section elementor-inner-section elementor-element elementor-element-ab15ecc thsn-col-stretched-none thsn-bg-color-over-image elementor-section-boxed elementor-section-height-default elementor-section-height-default\" data-id=\"ab15ecc\" data-element_type=\"section\">\n\t\t\t\t\t\t<div class=\"elementor-container elementor-column-gap-no\">\n\t\t\t\t\t<div class=\"elementor-column elementor-col-33 elementor-inner-column elementor-element elementor-element-ebdf819 thsn-bg-color-over-image\" data-id=\"ebdf819\" data-element_type=\"column\">\n\t\t\t<div class=\"elementor-widget-wrap elementor-element-populated\">\n\t\t\t\t\t\t\t\t<div class=\"elementor-element elementor-element-3f23a10 elementor-widget elementor-widget-text-editor\" data-id=\"3f23a10\" data-element_type=\"widget\" data-widget_type=\"text-editor.default\">\n\t\t\t\t<div class=\"elementor-widget-container\">\n\t\t\t\t\t\t\tDo you have any question?\t\t\t\t\t\t<\/div>\n\t\t\t\t<\/div>\n\t\t\t\t<div class=\"elementor-element elementor-element-8c9622a elementor-widget elementor-widget-text-editor\" data-id=\"8c9622a\" data-element_type=\"widget\" data-widget_type=\"text-editor.default\">\n\t\t\t\t<div class=\"elementor-widget-container\">\n\t\t\t\t\t\t\t<p><a href=\"tel:+905513030303\">+90 551 303 03 03<\/a><\/p>\t\t\t\t\t\t<\/div>\n\t\t\t\t<\/div>\n\t\t\t\t\t<\/div>\n\t\t<\/div>\n\t\t\t\t<div class=\"elementor-column elementor-col-33 elementor-inner-column elementor-element elementor-element-048f368 thsn-bg-color-over-image\" data-id=\"048f368\" data-element_type=\"column\">\n\t\t\t<div class=\"elementor-widget-wrap elementor-element-populated\">\n\t\t\t\t\t\t\t\t<div class=\"elementor-element elementor-element-5209280 elementor-widget elementor-widget-thsn_fid_element\" data-id=\"5209280\" data-element_type=\"widget\" data-widget_type=\"thsn_fid_element.default\">\n\t\t\t\t<div class=\"elementor-widget-container\">\n\t\t\t<div class=\"themesion-ele themesion-ele-fid themesion-ele-fid-style-4 \"><div class=\"thsn-fld-contents\">\r\n\t<div class=\"thsn-sbox-icon-wrapper\"><div class=\"thsn-icon-wrapper thsn-icon-type-icon\"><i class=\"thsn-doctery-icon thsn-doctery-icon-caduceus\"><\/i><\/div><\/div>\t<div class=\"thsn-fld-wrap\">\r\n\t\t<h4 class=\"thsn-fid-inner\">\r\n\t\t\t\t\t\t<span class=\"thsn-number-rotate\" data-appear-animation=\"animateDigits\" data-from=\"0\" data-to=\"20\" data-interval=\"5\" data-before=\"\" data-before-style=\"\" data-after=\"\" data-after-style=\"\">\r\n\t\t\t\t20\t\t\t<\/span><span class=\"thsn-fid-sub\"><sup>+<\/sup><\/span>\r\n\t\t<\/h4>\r\n\t\t\t\t<h3 class=\"thsn-fid-title\">years of experience<br><\/h3>\r\n\t\t\t<\/div>\r\n<\/div><!-- .thsn-fld-contents -->\r\n<\/div>\t\t<\/div>\n\t\t\t\t<\/div>\n\t\t\t\t\t<\/div>\n\t\t<\/div>\n\t\t\t\t<div class=\"elementor-column elementor-col-33 elementor-inner-column elementor-element elementor-element-a017b0e thsn-bg-color-over-image\" data-id=\"a017b0e\" data-element_type=\"column\">\n\t\t\t<div class=\"elementor-widget-wrap\">\n\t\t\t\t\t\t\t\t\t<\/div>\n\t\t<\/div>\n\t\t\t\t\t\t\t<\/div>\n\t\t<\/div>\n\t\t\t\t\t<\/div>\n\t\t<\/div>\n\t\t\t\t\t\t\t<\/div>\n\t\t<\/section>\n\t\t\t\t<section class=\"elementor-section elementor-top-section elementor-element elementor-element-ff43e95 thsn-col-stretched-none thsn-bg-color-over-image elementor-section-boxed elementor-section-height-default elementor-section-height-default\" data-id=\"ff43e95\" data-element_type=\"section\">\n\t\t\t\t\t\t<div class=\"elementor-container elementor-column-gap-default\">\n\t\t\t\t\t<div class=\"elementor-column elementor-col-100 elementor-top-column elementor-element elementor-element-372bf3e thsn-bg-color-over-image\" data-id=\"372bf3e\" data-element_type=\"column\">\n\t\t\t<div class=\"elementor-widget-wrap elementor-element-populated\">\n\t\t\t\t\t\t\t\t<section class=\"elementor-section elementor-inner-section elementor-element elementor-element-7870ecd thsn-col-stretched-none thsn-bg-color-over-image elementor-section-boxed elementor-section-height-default elementor-section-height-default\" data-id=\"7870ecd\" data-element_type=\"section\">\n\t\t\t\t\t\t<div class=\"elementor-container elementor-column-gap-default\">\n\t\t\t\t\t<div class=\"elementor-column elementor-col-100 elementor-inner-column elementor-element elementor-element-5d1a5ef thsn-bg-color-over-image\" data-id=\"5d1a5ef\" data-element_type=\"column\">\n\t\t\t<div class=\"elementor-widget-wrap elementor-element-populated\">\n\t\t\t\t\t\t\t\t<div class=\"elementor-element elementor-element-b1d74f4 elementor-widget elementor-widget-text-editor\" data-id=\"b1d74f4\" data-element_type=\"widget\" data-widget_type=\"text-editor.default\">\n\t\t\t\t<div class=\"elementor-widget-container\">\n\t\t\t\t\t\t\t<p><strong>Born in Turkey\u2019s Samsun Province, Dr. Eser Aydo\u011fdu<\/strong>\u00a0is known to be one of the select female plastic surgeons not only in Turkey, but worldwide. Gaining her medical degree from Erciyes Medical University in Turkey\u2019s Kayseri Province and specializing in plastic surgery at Kartal Training and Research Hospital in Turkey\u2019s Istanbul Province.<\/p><p><strong>Dr. Eser Aydo\u011fdu<\/strong>\u00a0has published dozens of articles internationally and domestically in plastic surgery journals, to be used as a reference and guide by other surgeons around the world.<\/p><p>To date, she has preformed plastic surgery on thousands of men, women, and children.<\/p><p>She has travelled to the United States as a medical observer, to the state of Pennsylvania, at Pennsylvania University Hospital (America\u2019s first and oldest university-owned teaching hospital) and Children\u2019s Hospital of Philadelphia (CHOP).\u00a0 There she observed cosmetic facial and breast surgeries, as well as various surgeries on children.<\/p><p>Dr. Eser Aydo\u011fdu has also received training on FUE hair restoration from Dr. Gregory Pistone in New Jersey.<\/p><p>On a yearly basis, Dr. Eser\u00a0 Aydo\u011fdu, attends an anti-aging congress in Monte Carlo and conventions in Stockholm, Madrid, and Brussels.<\/p><p>Her name is mentioned frequently on television programs, social media sites, newspapers, magazines, and radio programs. She is very active on social media as well.<\/p><p>Dr. Eser\u00a0 Aydo\u011fdu\u2019s clinic specializes in many cosmetic procedures; including, breast surgery, rhinoplasty, degreasing eyelids, ear surgery, hair transplantation, abdominal surgery, gynecomastia surgery, Botox, fillers, stem cell fibrocell, along with facial rejuvenation treatment, diet and nuetrition, cellulite treatment, laser hair removal, eyebrow and lip design.<\/p><p>Dr. Eser Aydo\u011fdu\u2019s philosophy in her personal life and career is simple and can be summed up in one sentence.<\/p><p><strong>\u201cLife isn\u2019t about finding yourself, it\u2019s about creating yourself!\u201d<\/strong><\/p><p>She believes that not only is outer beauty important, but inner beauty must accompany it.<\/p><p>Along with attending many international and national seminars, congresses, and workshops on plastic surgery, Dr. Eser Aydo\u011fdu tries her best to attend wellness and spiritual workshops, classes, and seminars.<\/p><p>Up to date, Dr. Eser Aydo\u011fdu has 11 international and five national publications; including, nine oral and eight poster presentations in congress. She also continues scientific studies in her field.<\/p><p>She enjoys reading, writing, watching movies, and travelling.\u00a0 She also believes that the secret to success is dreaming it, followed by reading on it, and excelling at it.<\/p><p>\u201cOne day if your dreams and books are taken from us, we will be stranded.\u201d<\/p><p><strong>Education &amp; Training<\/strong><\/p><p><strong>National<\/strong><\/p><p>\u2013Erciyes University\u2014Medical School, Kayseri, Turkey<\/p><p>\u2013Dr. LutfiKirdarKartal teaching and Research Hospital on Plastic and Reconstructive Surgical Clinic, Istanbul, Turkey<\/p><p>\u2013Istanbul University\u2014Capa Medical School Hand Surgery, Istanbul, Turkey<\/p><p>\u2013Istanbul University\u2014Capa Medical School Oncologic Plastic Surgery, Istnbul, Turkey<\/p><p><strong>International<\/strong><\/p><p>\u2013University of Pennsylvania Hospital\u2014Department of Plastic and Reconstructive Surgery\u2014Clinical Observer, Philadelphia, Pennsylvania, USA<\/p><p>\u2013Children\u2019s Hospital of Philadelphia (CHOP)\u2014Departement of Craniofasial Surgery\u2014Clinical Observer, Philadelphia, Pennsylvania, USA<\/p><p>\u2013Dr. Gregory Pistone, Hair Transplant Clinic\u2014FUE Hair Transplant Training, New Jersey<\/p><p><strong>Experience<\/strong><\/p><p>\u2013Yalova State Hospital<\/p><p>\u2013F&amp;F Plastic Surgery Clinic<\/p><p>\u2013Metropolitan Florence Nightingale Hospital<\/p><div><strong>International Publications<\/strong><\/div><div>\u25a0 Yildirim S., Gideroglu K., Aydogdu E. , Avc\u0131 G., Akan M., Akoz T. Composite anterolateral thigh fascia lata flap : A good alternative to radial forearm- palmaris longus flap for total lower lip reconstruction. Plast Recons Surg 2006 May; 117(6):2033-41.<\/div><div>\u25a0 Ulucay GE, Yildirim S., Aydogdu E., Akoz T. Reconstruction of crush injuries of foot dorsum: is the lattismus dorsi muscle flap a reliable choice?. J Reconstr Microsurg. 2006 Apr; 22(3):157-66.<\/div><div>\u25a0 Yildirim S., Aydogdu E ., Taylan G., Akoz T. The true triplication of the thumb: A case of unclassified thumb polydactyly. Ann Plast Surg.2005 Sep; 55(3):321-3.<\/div><div>\u25a0 Aydogdu E., Yildirim S., Akoz T. Is surgery an effective and adequate treatment in advanced Marjolin\u2019s ulcer?. Burns. 2005 Jun;31(4):421-31. Epub 2005 Apr 1.<\/div><div>\u25a0 Aydogdu E.,M\u0131s\u0131rl\u0131o\u011flu A., Eker G., Akoz T. Postoperative camouflage therapy in facial aesthetic surgery. Aesth Plast Surg 29:1-6,2005.<\/div><div>\u25a0 Aydogdu E, Akan M, Avci G, Akoz T. A method that deals with the presence of hair in animals used for research. .Plast Reconstr Surg. 2004 Nov;114(6):1691-2.<\/div><div>\u25a0 Aydogdu E, Yildirim S, Eker G, Akoz T. Giant lipoma of the back. Dermatol Surg. 2004 Jan;30(1):121-2.<\/div><div>\u25a0 Eker G, Akan IM, Aydogdu E,Akoz T.Salvage of neurocutaneous flaps with venous congestion using intravenous cannula. Plast Reconstr Surg. 2003 Sep 15;112(4):1191-2.<\/div><div>\u25a0 Avci G, Aydogdu E,Yidirim S, Akoz T. Soft-tissue chondroma in the thumb. Plast Reconstr Surg. 2002 Nov;110(6):1599-600.<\/div><div>\u25a0 Yildirim S, Akan M , Aydogdu E.Bifid median nerve. Plast Reconstr Surg. 2001 Aug;108(2):584-5.<\/div><div>\u25a0 Aydogdu E.,Akan M., Gideroglu K. Ak\u00f6z T. Alar transposition flap for stenosis of nostril.. Scan J Plast Rec Surg.<\/div><div>Ulusal Yay\u0131nlar<\/div><div>\u25a0 Aydogdu E ., M\u0131s\u0131rl\u0131o\u011flu A., Ak\u00f6z T. The modified Butler arthroplasty for congenital contracture of fifth toe. T\u00fcrk Plast Rek Cerr Dergisi 2005.<\/div><div>\u25a0 Avc\u0131 G., Aydogdu E ., Yildirim S. , Ak\u00f6z T. Periorbital defects and reconstruction. T\u00fcrkiye Klinikleri J Opthalmol 2004; 13:138-44.<\/div><div>\u25a0 Aydogdu E ., Akan M., Avc\u0131 G., Ak\u00f6z T. Static suspension using mesh polypropylene for treatment of facial paralysis. Turk Arc Otolaryngol, 2003; 41(1):44-51.<\/div><div>\u25a0 Aydogdu E ., Eker G., M\u0131s\u0131rl\u0131o\u011flu A., Ak\u00f6z T. A giant lymphedema at lower extremity. Ankara Cerrahi Dergisi. 5(3), 2003, 112-5.<\/div><div>\u25a0 Kan A.D. , Aydogdu E., Ak\u00f6z T. The septal perforations. Hayd. Num. Dergisi. Impress.<\/div>\t\t\t\t\t\t<\/div>\n\t\t\t\t<\/div>\n\t\t\t\t\t<\/div>\n\t\t<\/div>\n\t\t\t\t\t\t\t<\/div>\n\t\t<\/section>\n\t\t\t\t\t<\/div>\n\t\t<\/div>\n\t\t\t\t\t\t\t<\/div>\n\t\t<\/section>\n\t\t\t\t<div class=\"elementor-section elementor-top-section elementor-element elementor-element-82f1a4b thsn-steps-counter thsn-ipad-bg-hide elementor-section-stretched thsn-col-stretched-none thsn-bg-color-over-image elementor-section-boxed elementor-section-height-default elementor-section-height-default\" data-id=\"82f1a4b\" data-element_type=\"section\" data-settings=\"{&quot;stretch_section&quot;:&quot;section-stretched&quot;,&quot;background_background&quot;:&quot;classic&quot;}\">\n\t\t\t\t\t\t<div class=\"elementor-container elementor-column-gap-no\">\n\t\t\t\t\t<div class=\"elementor-column elementor-col-100 elementor-top-column elementor-element elementor-element-f941c5e thsn-bg-color-over-image\" data-id=\"f941c5e\" data-element_type=\"column\">\n\t\t\t<div class=\"elementor-widget-wrap elementor-element-populated\">\n\t\t\t\t\t\t\t\t<div class=\"elementor-element elementor-element-3a139be thsn-align-center elementor-widget elementor-widget-thsn_heading\" data-id=\"3a139be\" data-element_type=\"widget\" data-widget_type=\"thsn_heading.default\">\n\t\t\t\t<div class=\"elementor-widget-container\">\n\t\t\t\t<div class=\"thsn-heading-subheading center-align thsn-reverse-heading-yes\"><h4 class=\"thsn-element-subtitle\">\r\n\t\t\t\r\n\t\t\t\tSimple Process\r\n\t\t\t\r\n\t\t\t<\/h4>\r\n\t\t<h2 class=\"thsn-element-title\">\r\n\t\t\t\r\n\t\t\t\tHow it helps you stay strong\r\n\t\t\t\r\n\t\t\t<\/h2>\r\n\t\t<\/div>\t\t<\/div>\n\t\t\t\t<\/div>\n\t\t\t\t<div class=\"elementor-section elementor-inner-section elementor-element elementor-element-82fa7a2 thsn-col-stretched-none thsn-bg-color-over-image elementor-section-boxed elementor-section-height-default elementor-section-height-default\" data-id=\"82fa7a2\" data-element_type=\"section\">\n\t\t\t\t\t\t<div class=\"elementor-container elementor-column-gap-no\">\n\t\t\t\t\t<div class=\"elementor-column elementor-col-25 elementor-inner-column elementor-element elementor-element-44e603f column-break-ipad-50 thsn-bg-color-over-image\" data-id=\"44e603f\" data-element_type=\"column\">\n\t\t\t<div class=\"elementor-widget-wrap elementor-element-populated\">\n\t\t\t\t\t\t\t\t<div class=\"elementor-element elementor-element-38d2b9f elementor-widget elementor-widget-thsn_icon_heading\" data-id=\"38d2b9f\" data-element_type=\"widget\" data-widget_type=\"thsn_icon_heading.default\">\n\t\t\t\t<div class=\"elementor-widget-container\">\n\t\t\t<div class=\"thsn-ihbox thsn-ihbox-style-2\"><div class=\"thsn-ihbox-box\">\r\n\t<div class=\"thsn-ihbox-headingicon\">\r\n\t\t<div class=\"thsn-ihbox-icon\"><div class=\"thsn-ihbox-icon-wrapper thsn-ihbox-icon-type-image\"><img decoding=\"async\" src=\"http:\/\/doctery-demo.pbminfotech.com\/demo1\/wp-content\/uploads\/sites\/2\/2020\/11\/img-16.jpg\" alt=\"Make Appointment\" \/><\/div><\/div>\t\t\t\t<div class=\"thsn-ihbox-contents\">\r\n\t\t\t\t\t\t<h2 class=\"thsn-element-title\">\r\n\t\t\t\t\t\r\n\t\t\t\t\t\tMake Appointment\r\n\t\t\t\t\t\r\n\t\t\t\t\t<\/h2>\r\n\t\t\t\t\t\t\t\r\n\t\t\t\t\t\t\t\t<\/div><!-- .thsn-ihbox-contents -->\r\n\t<\/div>\r\n<\/div>\r\n<\/div>\t\t<\/div>\n\t\t\t\t<\/div>\n\t\t\t\t\t<\/div>\n\t\t<\/div>\n\t\t\t\t<div class=\"elementor-column elementor-col-25 elementor-inner-column elementor-element elementor-element-7cce4a0 column-break-ipad-50 thsn-bg-color-over-image\" data-id=\"7cce4a0\" data-element_type=\"column\">\n\t\t\t<div class=\"elementor-widget-wrap elementor-element-populated\">\n\t\t\t\t\t\t\t\t<div class=\"elementor-element elementor-element-26ae4ec elementor-widget elementor-widget-thsn_icon_heading\" data-id=\"26ae4ec\" data-element_type=\"widget\" data-widget_type=\"thsn_icon_heading.default\">\n\t\t\t\t<div class=\"elementor-widget-container\">\n\t\t\t<div class=\"thsn-ihbox thsn-ihbox-style-2\"><div class=\"thsn-ihbox-box\">\r\n\t<div class=\"thsn-ihbox-headingicon\">\r\n\t\t<div class=\"thsn-ihbox-icon\"><div class=\"thsn-ihbox-icon-wrapper thsn-ihbox-icon-type-image\"><img decoding=\"async\" src=\"http:\/\/doctery-demo.pbminfotech.com\/demo1\/wp-content\/uploads\/sites\/2\/2020\/11\/img-171.jpg\" alt=\"Write your information\" \/><\/div><\/div>\t\t\t\t<div class=\"thsn-ihbox-contents\">\r\n\t\t\t\t\t\t<h2 class=\"thsn-element-title\">\r\n\t\t\t\t\t\r\n\t\t\t\t\t\tWrite your information\r\n\t\t\t\t\t\r\n\t\t\t\t\t<\/h2>\r\n\t\t\t\t\t\t\t\r\n\t\t\t\t\t\t\t\t<\/div><!-- .thsn-ihbox-contents -->\r\n\t<\/div>\r\n<\/div>\r\n<\/div>\t\t<\/div>\n\t\t\t\t<\/div>\n\t\t\t\t\t<\/div>\n\t\t<\/div>\n\t\t\t\t<div class=\"elementor-column elementor-col-25 elementor-inner-column elementor-element elementor-element-71738e5 column-break-ipad-50 thsn-bg-color-over-image\" data-id=\"71738e5\" data-element_type=\"column\">\n\t\t\t<div class=\"elementor-widget-wrap elementor-element-populated\">\n\t\t\t\t\t\t\t\t<div class=\"elementor-element elementor-element-7e817a5 elementor-widget elementor-widget-thsn_icon_heading\" data-id=\"7e817a5\" data-element_type=\"widget\" data-widget_type=\"thsn_icon_heading.default\">\n\t\t\t\t<div class=\"elementor-widget-container\">\n\t\t\t<div class=\"thsn-ihbox thsn-ihbox-style-2\"><div class=\"thsn-ihbox-box\">\r\n\t<div class=\"thsn-ihbox-headingicon\">\r\n\t\t<div class=\"thsn-ihbox-icon\"><div class=\"thsn-ihbox-icon-wrapper thsn-ihbox-icon-type-image\"><img decoding=\"async\" src=\"http:\/\/doctery-demo.pbminfotech.com\/demo1\/wp-content\/uploads\/sites\/2\/2020\/11\/img-18.jpg\" alt=\"Get Consultation\" \/><\/div><\/div>\t\t\t\t<div class=\"thsn-ihbox-contents\">\r\n\t\t\t\t\t\t<h2 class=\"thsn-element-title\">\r\n\t\t\t\t\t\r\n\t\t\t\t\t\tGet Consultation\r\n\t\t\t\t\t\r\n\t\t\t\t\t<\/h2>\r\n\t\t\t\t\t\t\t\r\n\t\t\t\t\t\t\t\t<\/div><!-- .thsn-ihbox-contents -->\r\n\t<\/div>\r\n<\/div>\r\n<\/div>\t\t<\/div>\n\t\t\t\t<\/div>\n\t\t\t\t\t<\/div>\n\t\t<\/div>\n\t\t\t\t<div class=\"elementor-column elementor-col-25 elementor-inner-column elementor-element elementor-element-5f2f92a column-break-ipad-50 thsn-bg-color-over-image\" data-id=\"5f2f92a\" data-element_type=\"column\">\n\t\t\t<div class=\"elementor-widget-wrap elementor-element-populated\">\n\t\t\t\t\t\t\t\t<div class=\"elementor-element elementor-element-5cbb76f elementor-widget elementor-widget-thsn_icon_heading\" data-id=\"5cbb76f\" data-element_type=\"widget\" data-widget_type=\"thsn_icon_heading.default\">\n\t\t\t\t<div class=\"elementor-widget-container\">\n\t\t\t<div class=\"thsn-ihbox thsn-ihbox-style-2\"><div class=\"thsn-ihbox-box\">\r\n\t<div class=\"thsn-ihbox-headingicon\">\r\n\t\t<div class=\"thsn-ihbox-icon\"><div class=\"thsn-ihbox-icon-wrapper thsn-ihbox-icon-type-image\"><img decoding=\"async\" src=\"http:\/\/doctery-demo.pbminfotech.com\/demo1\/wp-content\/uploads\/sites\/2\/2020\/11\/img-19.jpg\" alt=\"Let your change begin\" \/><\/div><\/div>\t\t\t\t<div class=\"thsn-ihbox-contents\">\r\n\t\t\t\t\t\t<h2 class=\"thsn-element-title\">\r\n\t\t\t\t\t\r\n\t\t\t\t\t\tLet your change begin\r\n\t\t\t\t\t\r\n\t\t\t\t\t<\/h2>\r\n\t\t\t\t\t\t\t\r\n\t\t\t\t\t\t\t\t<\/div><!-- .thsn-ihbox-contents -->\r\n\t<\/div>\r\n<\/div>\r\n<\/div>\t\t<\/div>\n\t\t\t\t<\/div>\n\t\t\t\t\t<\/div>\n\t\t<\/div>\n\t\t\t\t\t\t\t<\/div>\n\t\t<\/div>\n\t\t\t\t\t<\/div>\n\t\t<\/div>\n\t\t\t\t\t\t\t<\/div>\n\t\t<\/div>\n\t\t\t\t\t\t\t<\/div>\n\t\t","protected":false},"excerpt":{"rendered":"<p>M.D. Eser Aydogdu Who is M.D. Eser Aydogdu? \u201cLife isn\u2019t about finding yourself, it\u2019s about creating yourself!\u201d Eser Aydogdu Clinic \u0130nternational Health Tourism Authorization Certificate Born in Turkey\u2019s Samsun Province, Dr. Eser Aydo\u011fdu\u00a0is known to be one of the select female plastic surgeons not only in Turkey,\u00a0 Do you have any question? +90 551 303 03 03 20 + years of experience Born in Turkey\u2019s Samsun Province, Dr. Eser Aydo\u011fdu\u00a0is[&hellip;]<\/p>\n","protected":false},"author":1,"featured_media":0,"parent":0,"menu_order":4,"comment_status":"closed","ping_status":"closed","template":"elementor_header_footer","meta":{"footnotes":""},"class_list":["post-79","page","type-page","status-publish","hentry"],"acf":[],"_links":{"self":[{"href":"https:\/\/www.eseraydogdu.com\/int\/wp-json\/wp\/v2\/pages\/79","targetHints":{"allow":["GET"]}}],"collection":[{"href":"https:\/\/www.eseraydogdu.com\/int\/wp-json\/wp\/v2\/pages"}],"about":[{"href":"https:\/\/www.eseraydogdu.com\/int\/wp-json\/wp\/v2\/types\/page"}],"author":[{"embeddable":true,"href":"https:\/\/www.eseraydogdu.com\/int\/wp-json\/wp\/v2\/users\/1"}],"replies":[{"embeddable":true,"href":"https:\/\/www.eseraydogdu.com\/int\/wp-json\/wp\/v2\/comments?post=79"}],"version-history":[{"count":12,"href":"https:\/\/www.eseraydogdu.com\/int\/wp-json\/wp\/v2\/pages\/79\/revisions"}],"predecessor-version":[{"id":316,"href":"https:\/\/www.eseraydogdu.com\/int\/wp-json\/wp\/v2\/pages\/79\/revisions\/316"}],"wp:attachment":[{"href":"https:\/\/www.eseraydogdu.com\/int\/wp-json\/wp\/v2\/media?parent=79"}],"curies":[{"name":"wp","href":"https:\/\/api.w.org\/{rel}","templated":true}]}}